{"id":121,"date":"2025-12-03T15:58:24","date_gmt":"2025-12-03T18:58:24","guid":{"rendered":"https:\/\/ubuntuassessoria.com\/?page_id=121"},"modified":"2025-12-03T15:58:24","modified_gmt":"2025-12-03T18:58:24","slug":"feiras-internacionais-sua-empresa-presente-onde-precisa-estar","status":"publish","type":"page","link":"https:\/\/ubuntuassessoria.com\/?page_id=121","title":{"rendered":"Feiras internacionais: sua    empresa presente onde precisa estar"},"content":{"rendered":"\n<p class=\"has-text-align-left\">Com uma representa\u00e7\u00e3o estrat\u00e9gica, sua empresa pode se conectar com novos mercados, ampliar suas vendas e fortalecer sua marca globalmente, tudo isso sem deslocamentos, altos custos ou perda de oportunidades.<\/p>\n\n\n\n<p class=\"has-text-align-left\">A Ubuntu est\u00e1 aqui para garantir que voc\u00ea esteja presente no mercado da forma mais eficaz poss\u00edvel.<\/p>\n\n\n\n<div class=\"wp-block-group alignfull has-global-padding is-layout-constrained wp-container-core-group-is-layout-490fa1db wp-block-group-is-layout-constrained\" style=\"padding-top:var(--wp--preset--spacing--50);padding-right:var(--wp--preset--spacing--50);padding-bottom:var(--wp--preset--spacing--50);padding-left:var(--wp--preset--spacing--50)\">\n<h3 class=\"wp-block-heading\"><strong>Como funciona:<\/strong><\/h3>\n\n\n\n<ol class=\"wp-block-list\">\n<li><strong>Escolha da Feira<\/strong><br>Definimos juntos o evento ideal para o seu segmento, alinhado aos seus objetivos de expans\u00e3o.<\/li>\n\n\n\n<li><strong>Representa\u00e7\u00e3o Completa<\/strong><br>Nossa equipe atua como sua embaixadora, apresentando seus produtos, seu posicionamento e seus diferenciais ao p\u00fablico local.<\/li>\n\n\n\n<li><strong>Relat\u00f3rio Personalizado<\/strong><br>Ap\u00f3s o evento, voc\u00ea recebe um relat\u00f3rio detalhado com contatos qualificados, oportunidades identificadas e tend\u00eancias observadas.<\/li>\n<\/ol>\n\n\n\n<h2 class=\"wp-block-heading\"><strong>Por que confiar na Ubuntu?<\/strong><\/h2>\n\n\n\n<ul class=\"wp-block-list\">\n<li><strong>Equipe multil\u00edngue<\/strong>: falamos mais de 6 l\u00ednguas, garantindo comunica\u00e7\u00e3o fluida e negocia\u00e7\u00f5es eficazes.<\/li>\n\n\n\n<li><strong>Presen\u00e7a internacional sem custos de viagem<\/strong>: voc\u00ea participa sem sair do seu pa\u00eds.<\/li>\n\n\n\n<li><strong>Gera\u00e7\u00e3o de contatos qualificados<\/strong>: acessamos decisores e compradores relevantes no mercado latino-americano.<\/li>\n\n\n\n<li><strong>Expans\u00e3o da marca em eventos de alto impacto<\/strong>: fortalecemos sua presen\u00e7a onde ela mais importa.<\/li>\n\n\n\n<li><strong>Experi\u00eancia em internacionaliza\u00e7\u00e3o humanizada<\/strong>: aproximamos culturas, pessoas e oportunidades.<\/li>\n<\/ul>\n\n\n\n<p>Entre em <a href=\"https:\/\/ubuntuassessoria.com\/?page_id=35\" data-type=\"link\" data-id=\"https:\/\/ubuntuassessoria.com\/?page_id=35\">contato <\/a>com a gente!<\/p>\n\n\n\n<div class=\"wp-block-group has-global-padding is-layout-constrained wp-container-core-group-is-layout-650790e1 wp-block-group-is-layout-constrained\">\n<div style=\"height:20px\" aria-hidden=\"true\" class=\"wp-block-spacer\"><\/div>\n<\/div>\n\n\n\n<div style=\"height:var(--wp--preset--spacing--30)\" aria-hidden=\"true\" class=\"wp-block-spacer\"><\/div>\n<\/div>\n\n\n\n<p><\/p>\n","protected":false},"excerpt":{"rendered":"<p>Com uma representa\u00e7\u00e3o estrat\u00e9gica, sua empresa pode se conectar com novos mercados, ampliar suas vendas e fortalecer sua marca globalmente, tudo isso sem deslocamentos, altos custos ou perda de oportunidades. A Ubuntu est\u00e1 aqui para garantir que voc\u00ea esteja presente no mercado da forma mais eficaz poss\u00edvel. Como funciona: Por que confiar na Ubuntu? Entre [&hellip;]<\/p>\n","protected":false},"author":1,"featured_media":0,"parent":0,"menu_order":0,"comment_status":"closed","ping_status":"closed","template":"","meta":{"footnotes":""},"class_list":["post-121","page","type-page","status-publish","hentry"],"jetpack_sharing_enabled":true,"_links":{"self":[{"href":"https:\/\/ubuntuassessoria.com\/index.php?rest_route=\/wp\/v2\/pages\/121","targetHints":{"allow":["GET"]}}],"collection":[{"href":"https:\/\/ubuntuassessoria.com\/index.php?rest_route=\/wp\/v2\/pages"}],"about":[{"href":"https:\/\/ubuntuassessoria.com\/index.php?rest_route=\/wp\/v2\/types\/page"}],"author":[{"embeddable":true,"href":"https:\/\/ubuntuassessoria.com\/index.php?rest_route=\/wp\/v2\/users\/1"}],"replies":[{"embeddable":true,"href":"https:\/\/ubuntuassessoria.com\/index.php?rest_route=%2Fwp%2Fv2%2Fcomments&post=121"}],"version-history":[{"count":1,"href":"https:\/\/ubuntuassessoria.com\/index.php?rest_route=\/wp\/v2\/pages\/121\/revisions"}],"predecessor-version":[{"id":122,"href":"https:\/\/ubuntuassessoria.com\/index.php?rest_route=\/wp\/v2\/pages\/121\/revisions\/122"}],"wp:attachment":[{"href":"https:\/\/ubuntuassessoria.com\/index.php?rest_route=%2Fwp%2Fv2%2Fmedia&parent=121"}],"curies":[{"name":"wp","href":"https:\/\/api.w.org\/{rel}","templated":true}]}}